{"id":32,"date":"2017-07-10T14:40:35","date_gmt":"2017-07-10T14:40:35","guid":{"rendered":"http:\/\/centrebadr.net\/?page_id=32"},"modified":"2024-12-05T17:01:48","modified_gmt":"2024-12-05T22:01:48","slug":"about-1","status":"publish","type":"page","link":"https:\/\/centrebadr.net\/ar\/about-1\/","title":{"rendered":"\u00c0 propos"},"content":{"rendered":"<div class=\"wpb-content-wrapper\"><div data-vc-full-width=\"true\" data-vc-full-width-init=\"false\" data-vc-stretch-content=\"true\" class=\"vc_row wpb_row vc_row-fluid vc_row-no-padding\"><div class=\"wpb_column vc_column_container vc_col-sm-4 sc_layouts_column_icons_position_left\"><div class=\"vc_column-inner\"><div class=\"wpb_wrapper\"><div id=\"sc_content_1480310296\"\n\t\tclass=\"sc_content color_style_default scheme_dark sc_content_default sc_float_center\"><div class=\"sc_content_container\"><div id=\"sc_icons_663751630\" \n\tclass=\"sc_icons sc_icons_default sc_icons_size_large sc_align_center  vc_custom_1733436072072\"><div class=\"sc_icons_item sc_icons_item_linked\"><div id=\"sc_icons_663751630_icon-icon-shaha-10\" class=\"sc_icons_icon sc_icon_type_ icon-icon-shaha-10\"\n\t\t\t\t\t\t style=\"color: #ffffff\"\t\t\t\t\t\t><span class=\"sc_icon_type_ icon-icon-shaha-10\" style=\"color: #ffffff\"><\/span><\/div><h4 class=\"sc_icons_item_title\"><span>Horaires de pri\u00e8re <\/span><\/h4><a href=\"https:\/\/moonode.tv\/mobile\/glassy\/DINSCREEN-336844-MONTREAL-CANADA-H1P1S2\" class=\"sc_icons_item_link\"><\/a><\/div><\/div><!-- \/.sc_icons --><\/div><\/div><!-- \/.sc_content --><\/div><\/div><\/div><div class=\"wpb_column vc_column_container vc_col-sm-4 sc_layouts_column_icons_position_left\"><div class=\"vc_column-inner\"><div class=\"wpb_wrapper\"><div id=\"sc_content_2112264507\"\n\t\tclass=\"sc_content color_style_default scheme_dark sc_content_default sc_float_center\"><div class=\"sc_content_container\"><div id=\"sc_icons_1337177002\" \n\tclass=\"sc_icons sc_icons_default sc_icons_size_large sc_align_center  vc_custom_1733436034945\"><div class=\"sc_icons_item sc_icons_item_linked\"><div id=\"sc_icons_1337177002_icon-icon-shaha-02\" class=\"sc_icons_icon sc_icon_type_ icon-icon-shaha-02\"\n\t\t\t\t\t\t style=\"color: #ffffff\"\t\t\t\t\t\t><span class=\"sc_icon_type_ icon-icon-shaha-02\" style=\"color: #ffffff\"><\/span><\/div><h4 class=\"sc_icons_item_title\"><span>Donations<\/span><\/h4><a href=\"\/ar\/donations\/\" class=\"sc_icons_item_link\"><\/a><\/div><\/div><!-- \/.sc_icons --><\/div><\/div><!-- \/.sc_content --><\/div><\/div><\/div><div class=\"wpb_column vc_column_container vc_col-sm-4 sc_layouts_column_icons_position_left\"><div class=\"vc_column-inner\"><div class=\"wpb_wrapper\"><div id=\"sc_content_1492793164\"\n\t\tclass=\"sc_content color_style_default scheme_dark sc_content_default sc_float_center\"><div class=\"sc_content_container\"><div id=\"sc_icons_1849474078\" \n\tclass=\"sc_icons sc_icons_default sc_icons_size_large sc_align_center  vc_custom_1729225509959\"><div class=\"sc_icons_item sc_icons_item_linked\"><div id=\"sc_icons_1849474078_icon-calendar\" class=\"sc_icons_icon sc_icon_type_ icon-calendar\"\n\t\t\t\t\t\t style=\"color: #ffffff\"\t\t\t\t\t\t><span class=\"sc_icon_type_ icon-calendar\" style=\"color: #ffffff\"><\/span><\/div><h4 class=\"sc_icons_item_title\"><span>\u00c9v\u00e9nements<\/span><\/h4><a href=\"\/ar\/our-events\/\" class=\"sc_icons_item_link\"><\/a><\/div><\/div><!-- \/.sc_icons --><\/div><\/div><!-- \/.sc_content --><\/div><\/div><\/div><\/div><div class=\"vc_row-full-width vc_clearfix\"><\/div><div class=\"vc_row wpb_row vc_row-fluid vc_custom_1507291942745\"><div class=\"wpb_column vc_column_container vc_col-sm-4 sc_layouts_column_icons_position_left\"><div class=\"vc_column-inner\"><div class=\"wpb_wrapper\">\n\t<div  class=\"wpb_single_image wpb_content_element vc_align_left wpb_content_element\">\n\t\t\n\t\t<figure class=\"wpb_wrapper vc_figure\">\n\t\t\t<div class=\"vc_single_image-wrapper   vc_box_border_grey\"><img fetchpriority=\"high\" decoding=\"async\" width=\"3469\" height=\"3631\" src=\"https:\/\/centrebadr.net\/wp-content\/uploads\/2024\/10\/logo-dore\u0301.png\" class=\"vc_single_image-img attachment-full\" alt=\"\" title=\"logo dore\u0301\" srcset=\"https:\/\/centrebadr.net\/wp-content\/uploads\/2024\/10\/logo-dore\u0301.png 3469w, https:\/\/centrebadr.net\/wp-content\/uploads\/2024\/10\/logo-dore\u0301-287x300.png 287w, https:\/\/centrebadr.net\/wp-content\/uploads\/2024\/10\/logo-dore\u0301-978x1024.png 978w, https:\/\/centrebadr.net\/wp-content\/uploads\/2024\/10\/logo-dore\u0301-768x804.png 768w, https:\/\/centrebadr.net\/wp-content\/uploads\/2024\/10\/logo-dore\u0301-1467x1536.png 1467w, https:\/\/centrebadr.net\/wp-content\/uploads\/2024\/10\/logo-dore\u0301-1957x2048.png 1957w, https:\/\/centrebadr.net\/wp-content\/uploads\/2024\/10\/logo-dore\u0301-370x387.png 370w, https:\/\/centrebadr.net\/wp-content\/uploads\/2024\/10\/logo-dore\u0301-760x795.png 760w\" sizes=\"(max-width: 3469px) 100vw, 3469px\" \/><\/div>\n\t\t<\/figure>\n\t<\/div>\n<\/div><\/div><\/div><div class=\"wpb_column vc_column_container vc_col-sm-8 sc_layouts_column_icons_position_left\"><div class=\"vc_column-inner\"><div class=\"wpb_wrapper\"><div id=\"sc_icons_326219014\" \n\tclass=\"sc_icons sc_icons_default sc_icons_size_small sc_align_left  vc_custom_1729226368310\"><div class=\"sc_icons_item\"><div id=\"sc_icons_326219014_icon-icon-shaha-11\" class=\"sc_icons_icon sc_icon_type_ icon-icon-shaha-11\"\n\t\t\t\t\t\t\t\t\t\t\t\t><span class=\"sc_icon_type_ icon-icon-shaha-11\"><\/span><\/div><\/div><\/div><!-- \/.sc_icons --><div id=\"sc_title_204354074\"\n\t\tclass=\"sc_title color_style_default sc_title_default\"><h3 class=\"sc_item_title sc_title_title sc_align_left sc_item_title_style_default\">\u00c0 Propos du CIB<\/h3><\/div><!-- \/.sc_title -->\n\t<div class=\"wpb_text_column wpb_content_element vc_custom_1729226291362\" >\n\t\t<div class=\"wpb_wrapper\">\n\t\t\t<p>Le Centre Islamique Badr, fond\u00e9 en 1999, se consacre \u00e0 rassembler la communaut\u00e9 musulmane de Montr\u00e9al, en particulier dans le quartier de Saint-L\u00e9onard. Notre mission est de promouvoir l&rsquo;unit\u00e9, la spiritualit\u00e9 et l&rsquo;engagement communautaire en offrant un large \u00e9ventail de services et d&rsquo;activit\u00e9s.<\/p>\n<p>Nous facilitons l&rsquo;accomplissement des rites religieux \u00e0 travers l&rsquo;organisation de pri\u00e8res quotidiennes et de sermons. Le centre s&rsquo;engage \u00e9galement dans des actions b\u00e9n\u00e9voles pour mettre en lumi\u00e8re les valeurs positives de l&rsquo;islam.<\/p>\n<p>Nous mettons un point d&rsquo;honneur \u00e0 diffuser la connaissance religieuse et la culture islamique au sein de la communaut\u00e9, notamment \u00e0 travers l&rsquo;enseignement du Coran \u00e0 tous les \u00e2ges par l&rsquo;\u00e9cole BADR de m\u00e9morisation et les divers cours propos\u00e9s.<\/p>\n<p>Des conf\u00e9rences et s\u00e9minaires sur des sujets de vie courante, abord\u00e9s sous un angle islamique, sont r\u00e9guli\u00e8rement organis\u00e9s, tout comme des activit\u00e9s sp\u00e9cifiques durant le mois sacr\u00e9 de Ramadan, incluant pri\u00e8res, le\u00e7ons et repas communautaires.<\/p>\n<p>Le Centre facilite \u00e9galement les mariages selon les principes de la charia et le droit canadien, et organise des soir\u00e9es coraniques pour c\u00e9l\u00e9brer les m\u00e9morisations du Saint Coran, avec des dipl\u00f4m\u00e9s de tous \u00e2ges.<\/p>\n\n\t\t<\/div>\n\t<\/div>\n<\/div><\/div><\/div><\/div><div data-vc-full-width=\"true\" data-vc-full-width-init=\"false\" class=\"vc_row wpb_row vc_row-fluid shaha_about_quote vc_custom_1732342430501 vc_row-has-fill\"><div class=\"wpb_column vc_column_container vc_col-sm-7 sc_layouts_column_icons_position_left\"><div class=\"vc_column-inner\"><div class=\"wpb_wrapper\"><\/div><\/div><\/div><\/div><div class=\"vc_row-full-width vc_clearfix\"><\/div><div data-vc-full-width=\"true\" data-vc-full-width-init=\"false\" class=\"vc_row wpb_row vc_row-fluid vc_custom_1729226987539 vc_row-has-fill\"><div class=\"wpb_column vc_column_container vc_col-sm-12 sc_layouts_column_icons_position_left\"><div class=\"vc_column-inner\"><div class=\"wpb_wrapper\"><div id=\"sc_icons_1998517598\" \n\tclass=\"sc_icons sc_icons_default sc_icons_size_small sc_align_center  vc_custom_1729226720795\"><div class=\"sc_icons_item\"><div id=\"sc_icons_1998517598_icon-icon-shaha-06\" class=\"sc_icons_icon sc_icon_type_ icon-icon-shaha-06\"\n\t\t\t\t\t\t\t\t\t\t\t\t><span class=\"sc_icon_type_ icon-icon-shaha-06\"><\/span><\/div><\/div><\/div><!-- \/.sc_icons --><div id=\"sc_title_23215767\"\n\t\tclass=\"sc_title color_style_default scheme_dark sc_title_default\"><h3 class=\"sc_item_title sc_title_title sc_align_center sc_item_title_style_default\">Notre Identit\u00e9 et Nos Valeurs<\/h3><div class=\"sc_item_descr sc_title_descr sc_align_center\"><p>Notre Centre Islamique est fier de son h\u00e9ritage de diversit\u00e9, d'ouverture d'esprit, d'engagement civique et de renforcement des liens communautaires. D\u00e9couvrez ce qui nous anime : notre approche de l'islam et notre vision de l'identit\u00e9 musulmane \u00e0 Saint-L\u00e9onard, qui fa\u00e7onnent le caract\u00e8re de notre communaut\u00e9 et inspirent nos actions.<\/p>\n<\/div><\/div><!-- \/.sc_title --><div class=\"sc_item_button sc_button_wrap sc_align_center\"><a href=\"\/ar\/contact\/\" id=\"sc_button_1653172467\" class=\"sc_button color_style_default sc_button_default  vc_custom_1729226795311 sc_button_size_normal sc_button_icon_left\"><span class=\"sc_button_text\"><span class=\"sc_button_title\">Nous joindre<\/span><\/span><!-- \/.sc_button_text --><\/a><!-- \/.sc_button --><\/div><!-- \/.sc_item_button --><\/div><\/div><\/div><\/div><div class=\"vc_row-full-width vc_clearfix\"><\/div><div data-vc-full-width=\"true\" data-vc-full-width-init=\"false\" class=\"vc_row wpb_row vc_row-fluid shaha_skills_counter vc_custom_1732341413898 vc_row-has-fill\"><div class=\"wpb_column vc_column_container vc_col-sm-4 sc_layouts_column_icons_position_left\"><div class=\"vc_column-inner vc_custom_1508770186332\"><div class=\"wpb_wrapper\"><div id=\"sc_content_1346377319\"\n\t\tclass=\"sc_content color_style_default scheme_dark sc_content_default sc_float_center\"><div class=\"sc_content_container\"><div id=\"sc_skills_803337417\"\n\t\tclass=\"sc_skills sc_skills_counter  vc_custom_1732338280526\"\n\t\t\t\tdata-type=\"counter\"\n\t\t><div class=\"sc_skills_column trx_addons_column-1_1\"><div class=\"sc_skills_item_wrap\"><div class=\"sc_skills_item\"><div class=\"sc_skills_total\" data-start=\"0\" data-stop=\"3900\" data-step=\"100\" data-max=\"10000\" data-speed=\"15\" data-duration=\"585\" data-ed=\"\" style=\"color: #ffffff\">0<\/div><\/div><\/div><\/div><\/div><\/div><\/div><!-- \/.sc_content -->\n\t<div class=\"wpb_text_column wpb_content_element vc_custom_1732338299012\" >\n\t\t<div class=\"wpb_wrapper\">\n\t\t\t<p style=\"text-align: center;\"><span class=\"trx_addons_dark\">Plus de 3900 Repas d&rsquo;Iftar<br \/>\npr\u00e9par\u00e9s pendant le Ramadan.<br \/>\n<\/span><\/p>\n\n\t\t<\/div>\n\t<\/div>\n<\/div><\/div><\/div><div class=\"wpb_column vc_column_container vc_col-sm-4 sc_layouts_column_icons_position_left\"><div class=\"vc_column-inner vc_custom_1508770190818\"><div class=\"wpb_wrapper\"><div id=\"sc_content_1713334577\"\n\t\tclass=\"sc_content color_style_default scheme_dark sc_content_default sc_float_center\"><div class=\"sc_content_container\"><div id=\"sc_skills_1771077520\"\n\t\tclass=\"sc_skills sc_skills_counter  vc_custom_1732337699943\"\n\t\t\t\tdata-type=\"counter\"\n\t\t><div class=\"sc_skills_column trx_addons_column-1_1\"><div class=\"sc_skills_item_wrap\"><div class=\"sc_skills_item\"><div class=\"sc_skills_total\" data-start=\"0\" data-stop=\"3000\" data-step=\"50\" data-max=\"5000\" data-speed=\"15\" data-duration=\"900\" data-ed=\"\" style=\"color: #ffffff\">0<\/div><\/div><\/div><\/div><\/div><\/div><\/div><!-- \/.sc_content -->\n\t<div class=\"wpb_text_column wpb_content_element vc_custom_1732337878155\" >\n\t\t<div class=\"wpb_wrapper\">\n\t\t\t<p style=\"text-align: center;\"><span class=\"trx_addons_dark\">Plus que 3000 personnes assistent<br \/>\n\u00e0 nos pri\u00e8res de vendredi.<\/span><\/p>\n\n\t\t<\/div>\n\t<\/div>\n<\/div><\/div><\/div><div class=\"wpb_column vc_column_container vc_col-sm-4 sc_layouts_column_icons_position_left\"><div class=\"vc_column-inner vc_custom_1508770195761\"><div class=\"wpb_wrapper\"><div id=\"sc_content_296712131\"\n\t\tclass=\"sc_content color_style_default scheme_dark sc_content_default sc_float_center\"><div class=\"sc_content_container\"><div id=\"sc_skills_263962116\"\n\t\tclass=\"sc_skills sc_skills_counter  vc_custom_1732338049807\"\n\t\t\t\tdata-type=\"counter\"\n\t\t><div class=\"sc_skills_column trx_addons_column-1_1\"><div class=\"sc_skills_item_wrap\"><div class=\"sc_skills_item\"><div class=\"sc_skills_total\" data-start=\"0\" data-stop=\"550\" data-step=\"10\" data-max=\"1000\" data-speed=\"33\" data-duration=\"1815\" data-ed=\"\" style=\"color: #ffffff\">0<\/div><\/div><\/div><\/div><\/div><\/div><\/div><!-- \/.sc_content -->\n\t<div class=\"wpb_text_column wpb_content_element vc_custom_1732337993678\" >\n\t\t<div class=\"wpb_wrapper\">\n\t\t\t<p style=\"text-align: center;\"><span class=\"trx_addons_dark\">Plus de 550 personnes de tout \u00e2ge<br \/>\napprennent le noble Coran chez nous.<\/span><\/p>\n\n\t\t<\/div>\n\t<\/div>\n<\/div><\/div><\/div><\/div><div class=\"vc_row-full-width vc_clearfix\"><\/div>\n<\/div>","protected":false},"excerpt":{"rendered":"Horaires de pri\u00e8re Donations\u00c9v\u00e9nements \u00c0 Propos du CIB Le Centre Islamique Badr, fond\u00e9 en 1999, se consacre \u00e0 rassembler la communaut\u00e9 musulmane de Montr\u00e9al, en particulier dans le quartier de Saint-L\u00e9onard. Notre mission est de promouvoir l'unit\u00e9, la spiritualit\u00e9 et l'engagement communautaire en offrant un large \u00e9ventail de services et&hellip;","protected":false},"author":1,"featured_media":0,"parent":0,"menu_order":0,"comment_status":"closed","ping_status":"closed","template":"","meta":{"footnotes":""},"class_list":["post-32","page","type-page","status-publish","hentry"],"_links":{"self":[{"href":"https:\/\/centrebadr.net\/ar\/wp-json\/wp\/v2\/pages\/32","targetHints":{"allow":["GET"]}}],"collection":[{"href":"https:\/\/centrebadr.net\/ar\/wp-json\/wp\/v2\/pages"}],"about":[{"href":"https:\/\/centrebadr.net\/ar\/wp-json\/wp\/v2\/types\/page"}],"author":[{"embeddable":true,"href":"https:\/\/centrebadr.net\/ar\/wp-json\/wp\/v2\/users\/1"}],"replies":[{"embeddable":true,"href":"https:\/\/centrebadr.net\/ar\/wp-json\/wp\/v2\/comments?post=32"}],"version-history":[{"count":13,"href":"https:\/\/centrebadr.net\/ar\/wp-json\/wp\/v2\/pages\/32\/revisions"}],"predecessor-version":[{"id":4602,"href":"https:\/\/centrebadr.net\/ar\/wp-json\/wp\/v2\/pages\/32\/revisions\/4602"}],"wp:attachment":[{"href":"https:\/\/centrebadr.net\/ar\/wp-json\/wp\/v2\/media?parent=32"}],"curies":[{"name":"wp","href":"https:\/\/api.w.org\/{rel}","templated":true}]}}