{"id":35,"date":"2017-07-10T14:41:29","date_gmt":"2017-07-10T14:41:29","guid":{"rendered":"http:\/\/centrebadr.net\/?page_id=35"},"modified":"2024-12-05T16:01:02","modified_gmt":"2024-12-05T21:01:02","slug":"programs","status":"publish","type":"page","link":"https:\/\/centrebadr.net\/ar\/programs\/","title":{"rendered":"Programmes"},"content":{"rendered":"<div class=\"wpb-content-wrapper\"><div class=\"vc_row wpb_row vc_row-fluid vc_custom_1507116010197\"><div class=\"wpb_column vc_column_container vc_col-sm-12 sc_layouts_column_icons_position_left\"><div class=\"vc_column-inner\"><div class=\"wpb_wrapper\"><div id=\"sc_icons_1375562193\" \n\tclass=\"sc_icons sc_icons_default sc_icons_size_small sc_align_center  vc_custom_1507306720447\"><div class=\"sc_icons_item\"><div id=\"sc_icons_1375562193_icon-icon-shaha-00\" class=\"sc_icons_icon sc_icon_type_ icon-icon-shaha-00\"\n\t\t\t\t\t\t\t\t\t\t\t\t><span class=\"sc_icon_type_ icon-icon-shaha-00\"><\/span><\/div><\/div><\/div><!-- \/.sc_icons --><div id=\"sc_title_1758401141\"\n\t\tclass=\"sc_title color_style_default sc_title_default\"><h3 class=\"sc_item_title sc_title_title sc_align_center sc_item_title_style_default\">Programmes et activit\u00e9s hebdomadaires<\/h3><div class=\"sc_item_descr sc_title_descr sc_align_center\"><p>Le Centre Islamique Badr offre des programmes riches et vari\u00e9s pour r\u00e9pondre aux besoins de la communaut\u00e9. Nous proposons  des sessions d'apprentissage du Coran, des activit\u00e9s \u00e9ducatives pour les enfants et les jeunes, ainsi que des conf\u00e9rences et ateliers pour les adultes. Nos programmes visent \u00e0 renforcer les valeurs islamiques, encourager la solidarit\u00e9 et offrir un espace accueillant pour tous. Rejoignez-nous pour d\u00e9couvrir des activit\u00e9s stimulantes et enrichissantes, adapt\u00e9es \u00e0 tous les \u00e2ges et niveaux.<\/p>\n<\/div><\/div><!-- \/.sc_title --><\/div><\/div><\/div><\/div><div data-vc-full-width=\"true\" data-vc-full-width-init=\"false\" class=\"vc_row wpb_row vc_row-fluid shaha_childrens_programs vc_custom_1732144134333 vc_row-has-fill\"><div class=\"wpb_column vc_column_container vc_col-sm-6 sc_layouts_column_icons_position_left\"><div class=\"vc_column-inner\"><div class=\"wpb_wrapper\"><div id=\"sc_icons_1406581724\" \n\tclass=\"sc_icons sc_icons_default sc_icons_size_small sc_align_left  vc_custom_1507306732630\"><div class=\"sc_icons_item\"><div id=\"sc_icons_1406581724_icon-icon-shaha-00\" class=\"sc_icons_icon sc_icon_type_ icon-icon-shaha-00\"\n\t\t\t\t\t\t\t\t\t\t\t\t><span class=\"sc_icon_type_ icon-icon-shaha-00\"><\/span><\/div><\/div><\/div><!-- \/.sc_icons --><div id=\"sc_title_1498617836\"\n\t\tclass=\"sc_title color_style_default scheme_dark sc_title_default\"><h3 class=\"sc_item_title sc_title_title sc_align_left sc_item_title_style_default\">Programmes pour enfants<\/h3><div class=\"sc_item_descr sc_title_descr sc_align_left\"><p>Le Centre Islamique offre des activit\u00e9s pour les enfants afin de renforcer leur personnalit\u00e9 et d'inculquer les valeurs islamiques.<\/p>\n<\/div><\/div><!-- \/.sc_title --><a href=\"\/ar\/services\/programmes-pour-enfants\/\" id=\"sc_button_715356945\" class=\"sc_button color_style_link2 sc_button_default  vc_custom_1731563244725 sc_button_size_normal sc_button_icon_left\"><span class=\"sc_button_text\"><span class=\"sc_button_title\">En savoir plus<\/span><\/span><!-- \/.sc_button_text --><\/a><!-- \/.sc_button --><\/div><\/div><\/div><div class=\"wpb_column vc_column_container vc_col-sm-6 sc_layouts_column_icons_position_left\"><div class=\"vc_column-inner\"><div class=\"wpb_wrapper\"><\/div><\/div><\/div><\/div><div class=\"vc_row-full-width vc_clearfix\"><\/div><div data-vc-full-width=\"true\" data-vc-full-width-init=\"false\" class=\"vc_row wpb_row vc_row-fluid shaha_youth_programs vc_custom_1732144194104 vc_row-has-fill\"><div class=\"wpb_column vc_column_container vc_col-sm-6 sc_layouts_column_icons_position_left\"><div class=\"vc_column-inner\"><div class=\"wpb_wrapper\"><\/div><\/div><\/div><div class=\"wpb_column vc_column_container vc_col-sm-6 sc_layouts_column_icons_position_left\"><div class=\"vc_column-inner\"><div class=\"wpb_wrapper\"><div id=\"sc_icons_307911975\" \n\tclass=\"sc_icons sc_icons_default sc_icons_size_small sc_align_left  vc_custom_1507306732630\"><div class=\"sc_icons_item\"><div id=\"sc_icons_307911975_icon-icon-shaha-00\" class=\"sc_icons_icon sc_icon_type_ icon-icon-shaha-00\"\n\t\t\t\t\t\t\t\t\t\t\t\t><span class=\"sc_icon_type_ icon-icon-shaha-00\"><\/span><\/div><\/div><\/div><!-- \/.sc_icons --><div id=\"sc_title_1917093362\"\n\t\tclass=\"sc_title color_style_default sc_title_default\"><h3 class=\"sc_item_title sc_title_title sc_align_left sc_item_title_style_default\">Programmes pour les jeunes<\/h3><div class=\"sc_item_descr sc_title_descr sc_align_left\"><p>Nos programmes pour les jeunes sont con\u00e7us pour inspirer, \u00e9duquer et renforcer leur engagement envers les valeurs islamiques. Nous offrons des activit\u00e9s dynamiques, des ateliers de d\u00e9veloppement personnel, des discussions interactives et des projets communautaires pour aider les jeunes \u00e0 d\u00e9velopper leur confiance, leurs comp\u00e9tences en leadership et leur esprit de solidarit\u00e9. Rejoignez-nous pour d\u00e9couvrir un environnement accueillant o\u00f9 chacun peut apprendre, s'\u00e9panouir et tisser des liens forts avec d'autres jeunes de la communaut\u00e9.<\/p>\n<\/div><\/div><!-- \/.sc_title --><a href=\"\/ar\/services\/programmes-pour-jeunes\/\" id=\"sc_button_363764813\" class=\"sc_button color_style_default sc_button_default  vc_custom_1732145941466 sc_button_size_normal sc_button_icon_left\"><span class=\"sc_button_text\"><span class=\"sc_button_title\">En savoir plus<\/span><\/span><!-- \/.sc_button_text --><\/a><!-- \/.sc_button --><\/div><\/div><\/div><\/div><div class=\"vc_row-full-width vc_clearfix\"><\/div><div data-vc-full-width=\"true\" data-vc-full-width-init=\"false\" class=\"vc_row wpb_row vc_row-fluid shaha_adult_programs vc_custom_1730783577636 vc_row-has-fill\"><div class=\"wpb_column vc_column_container vc_col-sm-6 sc_layouts_column_icons_position_left\"><div class=\"vc_column-inner\"><div class=\"wpb_wrapper\"><div id=\"sc_icons_1901428374\" \n\tclass=\"sc_icons sc_icons_default sc_icons_size_small sc_align_left  vc_custom_1507306732630\"><div class=\"sc_icons_item\"><div id=\"sc_icons_1901428374_icon-icon-shaha-00\" class=\"sc_icons_icon sc_icon_type_ icon-icon-shaha-00\"\n\t\t\t\t\t\t\t\t\t\t\t\t><span class=\"sc_icon_type_ icon-icon-shaha-00\"><\/span><\/div><\/div><\/div><!-- \/.sc_icons --><div id=\"sc_title_441458347\"\n\t\tclass=\"sc_title color_style_default scheme_dark sc_title_default\"><h3 class=\"sc_item_title sc_title_title sc_align_left sc_item_title_style_default\">Programmes pour adultes<\/h3><div class=\"sc_item_descr sc_title_descr sc_align_left\"><p>Pour les adultes, nous proposons un programme enrichissant compos\u00e9 de lectures vari\u00e9es et de cours d'apprentissage du Coran, accessibles aux hommes et aux femmes.<\/p>\n<\/div><\/div><!-- \/.sc_title --><a href=\"\/ar\/services\/programmes-pour-adultes\/\" id=\"sc_button_921316044\" class=\"sc_button color_style_link2 sc_button_default  vc_custom_1732166656642 sc_button_size_normal sc_button_icon_left\"><span class=\"sc_button_text\"><span class=\"sc_button_title\">En savoir plus<\/span><\/span><!-- \/.sc_button_text --><\/a><!-- \/.sc_button --><\/div><\/div><\/div><div class=\"wpb_column vc_column_container vc_col-sm-6 sc_layouts_column_icons_position_left\"><div class=\"vc_column-inner\"><div class=\"wpb_wrapper\"><\/div><\/div><\/div><\/div><div class=\"vc_row-full-width vc_clearfix\"><\/div>\n<\/div>","protected":false},"excerpt":{"rendered":"Programmes et activit\u00e9s hebdomadairesLe Centre Islamique Badr offre des programmes riches et vari\u00e9s pour r\u00e9pondre aux besoins de la communaut\u00e9. Nous proposons des sessions d'apprentissage du Coran, des activit\u00e9s \u00e9ducatives pour les enfants et les jeunes, ainsi que des conf\u00e9rences et ateliers pour les adultes. Nos programmes visent \u00e0 renforcer&hellip;","protected":false},"author":1,"featured_media":0,"parent":0,"menu_order":0,"comment_status":"closed","ping_status":"closed","template":"","meta":{"footnotes":""},"class_list":["post-35","page","type-page","status-publish","hentry"],"_links":{"self":[{"href":"https:\/\/centrebadr.net\/ar\/wp-json\/wp\/v2\/pages\/35","targetHints":{"allow":["GET"]}}],"collection":[{"href":"https:\/\/centrebadr.net\/ar\/wp-json\/wp\/v2\/pages"}],"about":[{"href":"https:\/\/centrebadr.net\/ar\/wp-json\/wp\/v2\/types\/page"}],"author":[{"embeddable":true,"href":"https:\/\/centrebadr.net\/ar\/wp-json\/wp\/v2\/users\/1"}],"replies":[{"embeddable":true,"href":"https:\/\/centrebadr.net\/ar\/wp-json\/wp\/v2\/comments?post=35"}],"version-history":[{"count":7,"href":"https:\/\/centrebadr.net\/ar\/wp-json\/wp\/v2\/pages\/35\/revisions"}],"predecessor-version":[{"id":4418,"href":"https:\/\/centrebadr.net\/ar\/wp-json\/wp\/v2\/pages\/35\/revisions\/4418"}],"wp:attachment":[{"href":"https:\/\/centrebadr.net\/ar\/wp-json\/wp\/v2\/media?parent=35"}],"curies":[{"name":"wp","href":"https:\/\/api.w.org\/{rel}","templated":true}]}}