{"id":36,"date":"2017-07-10T14:41:46","date_gmt":"2017-07-10T14:41:46","guid":{"rendered":"http:\/\/centrebadr.net\/?page_id=36"},"modified":"2025-10-19T23:17:37","modified_gmt":"2025-10-20T03:17:37","slug":"our-services","status":"publish","type":"page","link":"https:\/\/centrebadr.net\/ar\/our-services\/","title":{"rendered":"Nos Services"},"content":{"rendered":"<div class=\"wpb-content-wrapper\"><div class=\"vc_row wpb_row vc_row-fluid vc_custom_1507037128609\"><div class=\"wpb_column vc_column_container vc_col-sm-12 sc_layouts_column_icons_position_left\"><div class=\"vc_column-inner\"><div class=\"wpb_wrapper\"><div id=\"sc_icons_1039392768\" \n\tclass=\"sc_icons sc_icons_default sc_icons_size_small sc_align_left  vc_custom_1507305908266\"><div class=\"sc_icons_item\"><div id=\"sc_icons_1039392768_icon-icon-shaha-00\" class=\"sc_icons_icon sc_icon_type_ icon-icon-shaha-00\"\n\t\t\t\t\t\t\t\t\t\t\t\t><span class=\"sc_icon_type_ icon-icon-shaha-00\"><\/span><\/div><\/div><\/div><!-- \/.sc_icons --><div id=\"sc_services_864388508\" class=\"sc_services color_style_default sc_services_timeline sc_services_featured_top\"><div class=\"sc_services_columns_wrap sc_item_columns sc_item_columns_2 trx_addons_columns_wrap columns_padding_bottom no_margin\"><div class=\"trx_addons_column-1_2\"><div class=\"sc_services_item with_content with_icon sc_services_item_featured_top\"><div class=\"sc_services_item_timeline\"><\/div><a href=\"https:\/\/centrebadr.net\/ar\/services\/mariage\/\"\n\t\t\t id=\"sc_services_864388508_icon-icon-shaha-05_1\"\n\t\t\t class=\"sc_services_item_marker sc_services_item_icon icon-icon-shaha-05\"><\/a>\t\n\t<div class=\"sc_services_item_info\">\n\t\t\t\t<div class=\"sc_services_item_header\">\n\t\t\t\t\t\t<h6 class=\"sc_services_item_title\"><a href=\"https:\/\/centrebadr.net\/ar\/services\/mariage\/\">Mariage<\/a><\/h6>\n\t\t\t<div class=\"sc_services_item_subtitle\"><a href=\"https:\/\/centrebadr.net\/ar\/services_group\/services-cib\/\" title=\"View all posts in Services CIB\">Services CIB<\/a><\/div>\t\t<\/div>\n\t\t\t\t\t<div class=\"sc_services_item_content\"><p>Le Centre Islamique Badr propose un service d\u2019\u00e9tablissement d\u2019actes de mariage islamique.<\/p>\n<p>Pour plus d\u2019informations, merci de nous contacter par t\u00e9l\u00e9phone ou de nous \u00e9crire par courriel.<\/p>\n<\/div>\n\t\t\t<div class=\"sc_services_item_button sc_item_button\"><a href=\"https:\/\/centrebadr.net\/ar\/services\/mariage\/\" class=\"sc_button sc_button_simple\">Learn more<\/a><\/div>\n\t\t\t<\/div>\n<\/div>\n<\/div><div class=\"trx_addons_column-1_2\"><div class=\"sc_services_item with_content with_icon sc_services_item_featured_top\"><div class=\"sc_services_item_timeline\"><\/div><a href=\"https:\/\/centrebadr.net\/ar\/services\/collecte-de-dons-pour-les-situations-durgence\/\"\n\t\t\t id=\"sc_services_864388508_icon-icon-shaha-02_2\"\n\t\t\t class=\"sc_services_item_marker sc_services_item_icon icon-icon-shaha-02\"><\/a>\t\n\t<div class=\"sc_services_item_info\">\n\t\t\t\t<div class=\"sc_services_item_header\">\n\t\t\t\t\t\t<h6 class=\"sc_services_item_title\"><a href=\"https:\/\/centrebadr.net\/ar\/services\/collecte-de-dons-pour-les-situations-durgence\/\">Collecte de Dons pour les Situations d&rsquo;Urgence<\/a><\/h6>\n\t\t\t<div class=\"sc_services_item_subtitle\"><a href=\"https:\/\/centrebadr.net\/ar\/services_group\/services-cib\/\" title=\"View all posts in Services CIB\">Services CIB<\/a><\/div>\t\t<\/div>\n\t\t\t\t\t<div class=\"sc_services_item_content\"><p>Le Centre Islamique Badr organise des collectes de dons pour venir en aide aux victimes de catastrophes naturelles ou de conflits dans les pays islamiques.<\/p>\n<\/div>\n\t\t\t<div class=\"sc_services_item_button sc_item_button\"><a href=\"https:\/\/centrebadr.net\/ar\/services\/collecte-de-dons-pour-les-situations-durgence\/\" class=\"sc_button sc_button_simple\">Learn more<\/a><\/div>\n\t\t\t<\/div>\n<\/div>\n<\/div><div class=\"trx_addons_column-1_2\"><div class=\"sc_services_item with_content with_icon sc_services_item_featured_top\"><div class=\"sc_services_item_timeline\"><\/div><a href=\"https:\/\/centrebadr.net\/ar\/services\/aide-aux-personnes-dans-le-besoin\/\"\n\t\t\t id=\"sc_services_864388508_icon-users-group_3\"\n\t\t\t class=\"sc_services_item_marker sc_services_item_icon icon-users-group\"><\/a>\t\n\t<div class=\"sc_services_item_info\">\n\t\t\t\t<div class=\"sc_services_item_header\">\n\t\t\t\t\t\t<h6 class=\"sc_services_item_title\"><a href=\"https:\/\/centrebadr.net\/ar\/services\/aide-aux-personnes-dans-le-besoin\/\">Aide aux Personnes dans le Besoin<\/a><\/h6>\n\t\t\t<div class=\"sc_services_item_subtitle\"><a href=\"https:\/\/centrebadr.net\/ar\/services_group\/services-cib\/\" title=\"View all posts in Services CIB\">Services CIB<\/a><\/div>\t\t<\/div>\n\t\t\t\t\t<div class=\"sc_services_item_content\"><p>Le Centre Islamique Badr offre une aide aux personnes en situation de besoin<\/p>\n<\/div>\n\t\t\t<div class=\"sc_services_item_button sc_item_button\"><a href=\"https:\/\/centrebadr.net\/ar\/services\/aide-aux-personnes-dans-le-besoin\/\" class=\"sc_button sc_button_simple\">Learn more<\/a><\/div>\n\t\t\t<\/div>\n<\/div>\n<\/div><div class=\"trx_addons_column-1_2\"><div class=\"sc_services_item with_content with_icon sc_services_item_featured_top\"><div class=\"sc_services_item_timeline\"><\/div><a href=\"https:\/\/centrebadr.net\/ar\/services\/marriage\/\"\n\t\t\t id=\"sc_services_864388508_icon-nabawi-mosque_4\"\n\t\t\t class=\"sc_services_item_marker sc_services_item_icon icon-nabawi-mosque\"><\/a>\t\n\t<div class=\"sc_services_item_info\">\n\t\t\t\t<div class=\"sc_services_item_header\">\n\t\t\t\t\t\t<h6 class=\"sc_services_item_title\"><a href=\"https:\/\/centrebadr.net\/ar\/services\/marriage\/\">Iftar de Ramadan<\/a><\/h6>\n\t\t\t<div class=\"sc_services_item_subtitle\"><a href=\"https:\/\/centrebadr.net\/ar\/services_group\/services-cib\/\" title=\"View all posts in Services CIB\">Services CIB<\/a><\/div>\t\t<\/div>\n\t\t\t\t\t<div class=\"sc_services_item_content\"><p>Pendant le mois de Ramadan, le Centre Islamique Badr offre des iftars individuels et en famille pour la communaut\u00e9.<\/p>\n<\/div>\n\t\t\t<div class=\"sc_services_item_button sc_item_button\"><a href=\"https:\/\/centrebadr.net\/ar\/services\/marriage\/\" class=\"sc_button sc_button_simple\">Learn more<\/a><\/div>\n\t\t\t<\/div>\n<\/div>\n<\/div><div class=\"trx_addons_column-1_2\"><div class=\"sc_services_item with_content with_icon sc_services_item_featured_top\"><div class=\"sc_services_item_timeline\"><\/div><a href=\"https:\/\/centrebadr.net\/ar\/services\/funeral\/\"\n\t\t\t id=\"sc_services_864388508_icon-icon-shaha-09_5\"\n\t\t\t class=\"sc_services_item_marker sc_services_item_icon icon-icon-shaha-09\"><\/a>\t\n\t<div class=\"sc_services_item_info\">\n\t\t\t\t<div class=\"sc_services_item_header\">\n\t\t\t\t\t\t<h6 class=\"sc_services_item_title\"><a href=\"https:\/\/centrebadr.net\/ar\/services\/funeral\/\">Pri\u00e8re de Janaza<\/a><\/h6>\n\t\t\t<div class=\"sc_services_item_subtitle\"><a href=\"https:\/\/centrebadr.net\/ar\/services_group\/services-cib\/\" title=\"View all posts in Services CIB\">Services CIB<\/a><\/div>\t\t<\/div>\n\t\t\t\t\t<div class=\"sc_services_item_content\"><p>Le Centre Islamique Badr organise la pri\u00e8re de Janaza pour accompagner les familles et la communaut\u00e9.<\/p>\n<\/div>\n\t\t\t<div class=\"sc_services_item_button sc_item_button\"><a href=\"https:\/\/centrebadr.net\/ar\/services\/funeral\/\" class=\"sc_button sc_button_simple\">Learn more<\/a><\/div>\n\t\t\t<\/div>\n<\/div>\n<\/div><div class=\"trx_addons_column-1_2\"><div class=\"sc_services_item with_content with_icon sc_services_item_featured_top\"><div class=\"sc_services_item_timeline\"><\/div><a href=\"https:\/\/centrebadr.net\/ar\/services\/shahada\/\"\n\t\t\t id=\"sc_services_864388508_icon-icon-shaha-02_6\"\n\t\t\t class=\"sc_services_item_marker sc_services_item_icon icon-icon-shaha-02\"><\/a>\t\n\t<div class=\"sc_services_item_info\">\n\t\t\t\t<div class=\"sc_services_item_header\">\n\t\t\t\t\t\t<h6 class=\"sc_services_item_title\"><a href=\"https:\/\/centrebadr.net\/ar\/services\/shahada\/\">Accompagnement des Nouveaux Musulmans<\/a><\/h6>\n\t\t\t<div class=\"sc_services_item_subtitle\"><a href=\"https:\/\/centrebadr.net\/ar\/services_group\/services-cib\/\" title=\"View all posts in Services CIB\">Services CIB<\/a><\/div>\t\t<\/div>\n\t\t\t\t\t<div class=\"sc_services_item_content\"><p>Le Centre Islamique Badr offre des ressources et un soutien aux convertis \u00e0 l&rsquo;Islam<\/p>\n<\/div>\n\t\t\t<div class=\"sc_services_item_button sc_item_button\"><a href=\"https:\/\/centrebadr.net\/ar\/services\/shahada\/\" class=\"sc_button sc_button_simple\">Learn more<\/a><\/div>\n\t\t\t<\/div>\n<\/div>\n<\/div><div class=\"trx_addons_column-1_2\"><div class=\"sc_services_item with_content with_icon sc_services_item_featured_top\"><div class=\"sc_services_item_timeline\"><\/div><a href=\"https:\/\/centrebadr.net\/ar\/services\/divorce\/\"\n\t\t\t id=\"sc_services_864388508_icon-doc-light_7\"\n\t\t\t class=\"sc_services_item_marker sc_services_item_icon icon-doc-light\"><\/a>\t\n\t<div class=\"sc_services_item_info\">\n\t\t\t\t<div class=\"sc_services_item_header\">\n\t\t\t\t\t\t<h6 class=\"sc_services_item_title\"><a href=\"https:\/\/centrebadr.net\/ar\/services\/divorce\/\">Tableau Communautaire<\/a><\/h6>\n\t\t\t<div class=\"sc_services_item_subtitle\"><a href=\"https:\/\/centrebadr.net\/ar\/services_group\/services-cib\/\" title=\"View all posts in Services CIB\">Services CIB<\/a><\/div>\t\t<\/div>\n\t\t\t\t\t<div class=\"sc_services_item_content\"><p>Un espace pour partager vos annonces et messages importants avec la communaut\u00e9 de la mosqu\u00e9e.<\/p>\n<\/div>\n\t\t\t<div class=\"sc_services_item_button sc_item_button\"><a href=\"https:\/\/centrebadr.net\/ar\/services\/divorce\/\" class=\"sc_button sc_button_simple\">Learn more<\/a><\/div>\n\t\t\t<\/div>\n<\/div>\n<\/div><\/div><\/div><!-- \/.sc_services --><\/div><\/div><\/div><\/div><div data-vc-full-width=\"true\" data-vc-full-width-init=\"false\" class=\"vc_row wpb_row vc_row-fluid vc_custom_1730867724749 vc_row-has-fill\"><div class=\"wpb_column vc_column_container vc_col-sm-12 sc_layouts_column_icons_position_left\"><div class=\"vc_column-inner\"><div class=\"wpb_wrapper\"><div id=\"sc_icons_1482277116\" \n\tclass=\"sc_icons sc_icons_default sc_icons_size_small sc_align_center  vc_custom_1507305930548\"><div class=\"sc_icons_item\"><div id=\"sc_icons_1482277116_icon-icon-shaha-00\" class=\"sc_icons_icon sc_icon_type_ icon-icon-shaha-00\"\n\t\t\t\t\t\t\t\t\t\t\t\t><span class=\"sc_icon_type_ icon-icon-shaha-00\"><\/span><\/div><\/div><\/div><!-- \/.sc_icons --><div class=\"vc_row wpb_row vc_inner vc_row-fluid vc_custom_1508850516722\"><div class=\"wpb_column vc_column_container vc_col-sm-6 sc_layouts_column_icons_position_left\"><div class=\"vc_column-inner vc_custom_1508850527938\"><div class=\"wpb_wrapper\"><div id=\"sc_content_760026616\"\n\t\tclass=\"sc_content color_style_default sc_content_default sc_float_center sc_align_center\"><div class=\"sc_content_container\"><div class=\"sc_item_button sc_button_wrap sc_align_right\"><a href=\"\/ar\/programs\/\" id=\"sc_button_926422999\" class=\"sc_button color_style_link2 sc_button_default sc_button_size_normal sc_button_icon_left\"><span class=\"sc_button_text\"><span class=\"sc_button_title\">Nos Programmes<\/span><\/span><!-- \/.sc_button_text --><\/a><!-- \/.sc_button --><\/div><!-- \/.sc_item_button --><\/div><\/div><!-- \/.sc_content --><\/div><\/div><\/div><div class=\"wpb_column vc_column_container vc_col-sm-6 sc_layouts_column_icons_position_left\"><div class=\"vc_column-inner vc_custom_1508850536422\"><div class=\"wpb_wrapper\"><div id=\"sc_content_520323632\"\n\t\tclass=\"sc_content color_style_default sc_content_default sc_float_center sc_align_center\"><div class=\"sc_content_container\"><div class=\"sc_item_button sc_button_wrap sc_align_left\"><a href=\"https:\/\/www.moonode.tv\/5142556460\" id=\"sc_button_369399636\" class=\"sc_button color_style_default sc_button_default sc_button_size_normal sc_button_icon_left\"><span class=\"sc_button_text\"><span class=\"sc_button_title\">Horaire de pri\u00e8res<\/span><\/span><!-- \/.sc_button_text --><\/a><!-- \/.sc_button --><\/div><!-- \/.sc_item_button --><\/div><\/div><!-- \/.sc_content --><\/div><\/div><\/div><\/div><div id=\"sc_title_1317874519\"\n\t\tclass=\"sc_title color_style_default scheme_dark sc_title_default\"><h3 class=\"sc_item_title sc_title_title sc_align_center sc_item_title_style_default\">Restez Connect\u00e9 avec Notre Mosqu\u00e9e<\/h3><\/div><!-- \/.sc_title --><\/div><\/div><\/div><\/div><div class=\"vc_row-full-width vc_clearfix\"><\/div>\n<\/div>","protected":false},"excerpt":{"rendered":"Tableau Communautaire Le Tableau Communautaire de la mosqu\u00e9e est un espace d\u00e9di\u00e9 aux membres de notre communaut\u00e9 pour partager des annonces, des messages et des publications d\u2019int\u00e9r\u00eat g\u00e9n\u00e9ral. Que ce soit pour annoncer un \u00e9v\u00e9nement, proposer une aide ou diffuser des informations importantes, ce tableau d'affichage est l\u00e0 pour renforcer&hellip;","protected":false},"author":1,"featured_media":0,"parent":0,"menu_order":0,"comment_status":"closed","ping_status":"closed","template":"","meta":{"footnotes":""},"class_list":["post-36","page","type-page","status-publish","hentry"],"_links":{"self":[{"href":"https:\/\/centrebadr.net\/ar\/wp-json\/wp\/v2\/pages\/36","targetHints":{"allow":["GET"]}}],"collection":[{"href":"https:\/\/centrebadr.net\/ar\/wp-json\/wp\/v2\/pages"}],"about":[{"href":"https:\/\/centrebadr.net\/ar\/wp-json\/wp\/v2\/types\/page"}],"author":[{"embeddable":true,"href":"https:\/\/centrebadr.net\/ar\/wp-json\/wp\/v2\/users\/1"}],"replies":[{"embeddable":true,"href":"https:\/\/centrebadr.net\/ar\/wp-json\/wp\/v2\/comments?post=36"}],"version-history":[{"count":10,"href":"https:\/\/centrebadr.net\/ar\/wp-json\/wp\/v2\/pages\/36\/revisions"}],"predecessor-version":[{"id":4677,"href":"https:\/\/centrebadr.net\/ar\/wp-json\/wp\/v2\/pages\/36\/revisions\/4677"}],"wp:attachment":[{"href":"https:\/\/centrebadr.net\/ar\/wp-json\/wp\/v2\/media?parent=36"}],"curies":[{"name":"wp","href":"https:\/\/api.w.org\/{rel}","templated":true}]}}