{"id":37,"date":"2017-07-10T14:42:04","date_gmt":"2017-07-10T14:42:04","guid":{"rendered":"http:\/\/centrebadr.net\/?page_id=37"},"modified":"2024-12-04T06:08:03","modified_gmt":"2024-12-04T11:08:03","slug":"contact","status":"publish","type":"page","link":"https:\/\/centrebadr.net\/ar\/contact\/","title":{"rendered":"Contact"},"content":{"rendered":"<div class=\"wpb-content-wrapper\"><div class=\"vc_row wpb_row vc_row-fluid\"><div class=\"wpb_column vc_column_container vc_col-sm-6 sc_layouts_column_icons_position_left\"><div class=\"vc_column-inner\"><div class=\"wpb_wrapper\"><div id=\"sc_title_937880168\"\n\t\tclass=\"sc_title color_style_default sc_title_default\"><h3 class=\"sc_item_title sc_title_title sc_align_left sc_item_title_style_default\">Suivez-nous<\/h3><\/div><!-- \/.sc_title --><div  class=\"vc_wp_custommenu wpb_content_element\"><\/div><div  class=\"vc_wp_custommenu wpb_content_element\"><div class=\"widget widget_nav_menu\"><h2 class=\"widgettitle\">Nos R\u00e9saux Sociaux<\/h2><div class=\"menu-social-media-container\"><ul id=\"menu-social-media\" class=\"menu\"><li id=\"menu-item-4125\" class=\"menu-item menu-item-type-custom menu-item-object-custom menu-item-4125\"><a href=\"https:\/\/www.facebook.com\/centrebadr\"><span class=\"dashicons dashicons-facebook-alt after-menu-image-icons\"><\/span><span class=\"menu-image-title-after menu-image-title\">Facebook<\/span><\/a><\/li>\n<li id=\"menu-item-4126\" class=\"menu-item menu-item-type-custom menu-item-object-custom menu-item-4126\"><a href=\"https:\/\/www.instagram.com\/centreislamique\/\"><span class=\"dashicons dashicons-instagram after-menu-image-icons\"><\/span><span class=\"menu-image-title-after menu-image-title\">Instagram<\/span><\/a><\/li>\n<li id=\"menu-item-4129\" class=\"menu-item menu-item-type-custom menu-item-object-custom menu-item-4129\"><a href=\"https:\/\/www.google.com\/\"><span class=\"dashicons dashicons-whatsapp after-menu-image-icons\"><\/span><span class=\"menu-image-title-after menu-image-title\">WhatsApp<\/span><\/a><\/li>\n<li id=\"menu-item-4127\" class=\"menu-item menu-item-type-custom menu-item-object-custom menu-item-4127\"><a href=\"https:\/\/www.youtube.com\/@masjidbadr?themeRefresh=1\"><span class=\"dashicons dashicons-youtube after-menu-image-icons\"><\/span><span class=\"menu-image-title-after menu-image-title\">Youtube<\/span><\/a><\/li>\n<li id=\"menu-item-4128\" class=\"menu-item menu-item-type-custom menu-item-object-custom menu-item-4128\"><a href=\"https:\/\/x.com\/centrebadr\"><span class=\"dashicons dashicons-twitter after-menu-image-icons\"><\/span><span class=\"menu-image-title-after menu-image-title\">X ( twitter)<\/span><\/a><\/li>\n<\/ul><\/div><\/div><\/div><\/div><\/div><\/div><div class=\"contacts_mobile wpb_column vc_column_container vc_col-sm-6 sc_layouts_column_icons_position_left\"><div class=\"vc_column-inner vc_custom_1733310478944\"><div class=\"wpb_wrapper\"><div id=\"sc_title_690043330\"\n\t\tclass=\"sc_title color_style_default sc_title_default\"><h3 class=\"sc_item_title sc_title_title sc_align_left sc_item_title_style_default\">Informations de contact<\/h3><\/div><!-- \/.sc_title -->\n\t<div class=\"wpb_text_column wpb_content_element vc_custom_1729136408238\" >\n\t\t<div class=\"wpb_wrapper\">\n\t\t\t<h6>Centre Islamique Badr<\/h6>\n<p>8625 boulevard Langelier,<br \/>\nSaint-L\u00e9onard, QC H1P 2C6<\/p>\n<p>T\u00e9l\u00e9phone: <a href=\"tel:1 888 123 4567\">1 514 255 6460<\/a><br \/>\nCourriel: <a href=\"mailto:info@example.com\">info@centrebadr.net<\/a><\/p>\n\n\t\t<\/div>\n\t<\/div>\n<div id=\"sc_googlemap_735959392_wrap\" class=\"sc_googlemap_wrap\"><div id=\"sc_googlemap_735959392\"\n\t\t\tclass=\"sc_googlemap sc_googlemap_default  vc_custom_1729136639454\"\n\t\t\t style=\"width:100%;height:340px;\"\t\t\tdata-zoom=\"14\"\n\t\t\tdata-style=\"shaha\"\n\t\t\tdata-cluster-icon=\"\"\n        ><iframe\n                    src=\"https:\/\/maps.google.com\/maps?t=m&output=embed&iwloc=near&z=14&q=8625+boulevard+langelier\"\n                    scrolling=\"no\"\n                    marginheight=\"0\"\n                    marginwidth=\"0\"\n                    frameborder=\"0\"\n                    aria-label=\"\"><\/iframe><\/div><\/div><!-- \/.sc_googlemap_wrap --><\/div><\/div><\/div><\/div>\n<\/div>","protected":false},"excerpt":{"rendered":"Suivez-nousNos R\u00e9saux SociauxFacebook Instagram WhatsApp Youtube X ( twitter) Informations de contact Centre Islamique Badr 8625 boulevard Langelier, Saint-L\u00e9onard, QC H1P 2C6 T\u00e9l\u00e9phone: 1 514 255 6460 Courriel: info@centrebadr.net","protected":false},"author":1,"featured_media":0,"parent":0,"menu_order":0,"comment_status":"closed","ping_status":"closed","template":"","meta":{"footnotes":""},"class_list":["post-37","page","type-page","status-publish","hentry"],"_links":{"self":[{"href":"https:\/\/centrebadr.net\/ar\/wp-json\/wp\/v2\/pages\/37","targetHints":{"allow":["GET"]}}],"collection":[{"href":"https:\/\/centrebadr.net\/ar\/wp-json\/wp\/v2\/pages"}],"about":[{"href":"https:\/\/centrebadr.net\/ar\/wp-json\/wp\/v2\/types\/page"}],"author":[{"embeddable":true,"href":"https:\/\/centrebadr.net\/ar\/wp-json\/wp\/v2\/users\/1"}],"replies":[{"embeddable":true,"href":"https:\/\/centrebadr.net\/ar\/wp-json\/wp\/v2\/comments?post=37"}],"version-history":[{"count":3,"href":"https:\/\/centrebadr.net\/ar\/wp-json\/wp\/v2\/pages\/37\/revisions"}],"predecessor-version":[{"id":4599,"href":"https:\/\/centrebadr.net\/ar\/wp-json\/wp\/v2\/pages\/37\/revisions\/4599"}],"wp:attachment":[{"href":"https:\/\/centrebadr.net\/ar\/wp-json\/wp\/v2\/media?parent=37"}],"curies":[{"name":"wp","href":"https:\/\/api.w.org\/{rel}","templated":true}]}}