{"id":4283,"date":"2024-10-18T18:02:38","date_gmt":"2024-10-18T22:02:38","guid":{"rendered":"http:\/\/centrebadr.net\/?page_id=4283"},"modified":"2024-11-06T00:09:07","modified_gmt":"2024-11-06T05:09:07","slug":"donations","status":"publish","type":"page","link":"https:\/\/centrebadr.net\/ar\/donations\/","title":{"rendered":"Donations"},"content":{"rendered":"<div class=\"wpb-content-wrapper\"><div class=\"vc_row wpb_row vc_row-fluid vc_custom_1507037128609\"><div class=\"wpb_column vc_column_container vc_col-sm-12 sc_layouts_column_icons_position_left\"><div class=\"vc_column-inner\"><div class=\"wpb_wrapper\">\n\t<div  class=\"wpb_single_image wpb_content_element vc_align_center wpb_content_element\">\n\t\t\n\t\t<figure class=\"wpb_wrapper vc_figure\">\n\t\t\t<div class=\"vc_single_image-wrapper   vc_box_border_grey\"><img fetchpriority=\"high\" decoding=\"async\" width=\"1024\" height=\"475\" src=\"https:\/\/centrebadr.net\/wp-content\/uploads\/2024\/10\/\u0645\u0646-\u0630\u0627-\u0627\u0644\u0630\u064a-\u064a\u0642\u0631\u0636-1024x475.png\" class=\"vc_single_image-img attachment-large\" alt=\"\" title=\"\u0645\u0646 \u0630\u0627 \u0627\u0644\u0630\u064a \u064a\u0642\u0631\u0636\" srcset=\"https:\/\/centrebadr.net\/wp-content\/uploads\/2024\/10\/\u0645\u0646-\u0630\u0627-\u0627\u0644\u0630\u064a-\u064a\u0642\u0631\u0636-1024x475.png 1024w, https:\/\/centrebadr.net\/wp-content\/uploads\/2024\/10\/\u0645\u0646-\u0630\u0627-\u0627\u0644\u0630\u064a-\u064a\u0642\u0631\u0636-300x139.png 300w, https:\/\/centrebadr.net\/wp-content\/uploads\/2024\/10\/\u0645\u0646-\u0630\u0627-\u0627\u0644\u0630\u064a-\u064a\u0642\u0631\u0636-768x356.png 768w, https:\/\/centrebadr.net\/wp-content\/uploads\/2024\/10\/\u0645\u0646-\u0630\u0627-\u0627\u0644\u0630\u064a-\u064a\u0642\u0631\u0636-1536x712.png 1536w, https:\/\/centrebadr.net\/wp-content\/uploads\/2024\/10\/\u0645\u0646-\u0630\u0627-\u0627\u0644\u0630\u064a-\u064a\u0642\u0631\u0636-2048x950.png 2048w, https:\/\/centrebadr.net\/wp-content\/uploads\/2024\/10\/\u0645\u0646-\u0630\u0627-\u0627\u0644\u0630\u064a-\u064a\u0642\u0631\u0636-370x172.png 370w, https:\/\/centrebadr.net\/wp-content\/uploads\/2024\/10\/\u0645\u0646-\u0630\u0627-\u0627\u0644\u0630\u064a-\u064a\u0642\u0631\u0636-760x353.png 760w, https:\/\/centrebadr.net\/wp-content\/uploads\/2024\/10\/\u0645\u0646-\u0630\u0627-\u0627\u0644\u0630\u064a-\u064a\u0642\u0631\u0636-24x11.png 24w, https:\/\/centrebadr.net\/wp-content\/uploads\/2024\/10\/\u0645\u0646-\u0630\u0627-\u0627\u0644\u0630\u064a-\u064a\u0642\u0631\u0636-36x17.png 36w, https:\/\/centrebadr.net\/wp-content\/uploads\/2024\/10\/\u0645\u0646-\u0630\u0627-\u0627\u0644\u0630\u064a-\u064a\u0642\u0631\u0636-48x22.png 48w\" sizes=\"(max-width: 1024px) 100vw, 1024px\" \/><\/div>\n\t\t<\/figure>\n\t<\/div>\n<\/div><\/div><\/div><\/div><div class=\"vc_row wpb_row vc_row-fluid vc_custom_1507037128609\"><div class=\"wpb_column vc_column_container vc_col-sm-12 sc_layouts_column_icons_position_left\"><div class=\"vc_column-inner\"><div class=\"wpb_wrapper\"><div id=\"sc_icons_514483494\" \n\tclass=\"sc_icons sc_icons_default sc_icons_size_small sc_align_left  vc_custom_1507305908266\"><div class=\"sc_icons_item\"><div id=\"sc_icons_514483494_icon-icon-shaha-00\" class=\"sc_icons_icon sc_icon_type_ icon-icon-shaha-00\"\n\t\t\t\t\t\t\t\t\t\t\t\t><span class=\"sc_icon_type_ icon-icon-shaha-00\"><\/span><\/div><\/div><\/div><!-- \/.sc_icons --><div id=\"sc_services_2071469241\" class=\"sc_services color_style_default sc_services_list sc_services_featured_top\"><h3 class=\"sc_item_title sc_services_title sc_align_left sc_item_title_style_default\">Programmes de dons<\/h3><div class=\"sc_services_columns_wrap sc_item_columns sc_item_columns_3 trx_addons_columns_wrap\"><div class=\"trx_addons_column-1_3\"><div class=\"sc_services_item without_content with_icon sc_services_item_featured_top\">\n\t<a href=\"https:\/\/centrebadr.net\/ar\/services\/projet-dachat-du-mirage\/\"\n\t\t\t id=\"sc_services_2071469241_icon-nabawi-mosque_1\"\n\t\t\t class=\"sc_services_item_icon icon-nabawi-mosque\"><\/a>\t\n\t<div class=\"sc_services_item_info\">\n\t\t<div class=\"sc_services_item_header\">\n\t\t\t<h6 class=\"sc_services_item_title\"><a href=\"https:\/\/centrebadr.net\/ar\/services\/projet-dachat-du-mirage\/\">Construction de la Maison d\u2019Allah<\/a><\/h6>\n\t\t<\/div>\n\t\t\t\t\t<div class=\"sc_services_item_content\"><p>Ce don est destin\u00e9 \u00e0 financer l&rsquo;acquisition du \u00abMirage\u00bb (\u0627\u0644\u0645\u0639\u0631\u0627\u062c), un espace d\u00e9di\u00e9 \u00e0 notre communaut\u00e9 et aux musulmans.<\/p>\n<\/div>\n\t\t\t<\/div>\n<\/div>\n<\/div><div class=\"trx_addons_column-1_3\"><div class=\"sc_services_item without_content with_icon sc_services_item_featured_top\">\n\t<a href=\"https:\/\/centrebadr.net\/ar\/services\/zakat-al-mal\/\"\n\t\t\t id=\"sc_services_2071469241_icon-icon-shaha-05_2\"\n\t\t\t class=\"sc_services_item_icon icon-icon-shaha-05\"><\/a>\t\n\t<div class=\"sc_services_item_info\">\n\t\t<div class=\"sc_services_item_header\">\n\t\t\t<h6 class=\"sc_services_item_title\"><a href=\"https:\/\/centrebadr.net\/ar\/services\/zakat-al-mal\/\">Zakat al-Mal<\/a><\/h6>\n\t\t<\/div>\n\t\t\t\t\t<div class=\"sc_services_item_content\"><p>Zakat al-Mal est une obligation religieuse pour les musulmans de donner une partie de leur richesse aux personnes dans le besoin.<\/p>\n<\/div>\n\t\t\t<\/div>\n<\/div>\n<\/div><div class=\"trx_addons_column-1_3\"><div class=\"sc_services_item without_content with_icon sc_services_item_featured_top\">\n\t<a href=\"https:\/\/centrebadr.net\/ar\/services\/sadaqa-pour-la-mosquee\/\"\n\t\t\t id=\"sc_services_2071469241_icon-icon-shaha-06_3\"\n\t\t\t class=\"sc_services_item_icon icon-icon-shaha-06\"><\/a>\t\n\t<div class=\"sc_services_item_info\">\n\t\t<div class=\"sc_services_item_header\">\n\t\t\t<h6 class=\"sc_services_item_title\"><a href=\"https:\/\/centrebadr.net\/ar\/services\/sadaqa-pour-la-mosquee\/\">Sadaqa pour la mosqu\u00e9e<\/a><\/h6>\n\t\t<\/div>\n\t\t\t\t\t<div class=\"sc_services_item_content\"><p>La Sadaqa est une forme de don volontaire pour soutenir les activit\u00e9s courantes et l&rsquo;entretien de la mosqu\u00e9e.<\/p>\n<\/div>\n\t\t\t<\/div>\n<\/div>\n<\/div><\/div><\/div><!-- \/.sc_services --><\/div><\/div><\/div><\/div>\n<\/div>","protected":false},"excerpt":{"rendered":"Faire un don Note : Vous pourriez \u00e9galement nous faire un don en envoyant un virement Interac \u00e0 l\u2019adresse courriel suivante (aucun mot de passe n\u2019est n\u00e9cessaire) : don@centrebadr.net","protected":false},"author":1,"featured_media":0,"parent":0,"menu_order":0,"comment_status":"closed","ping_status":"closed","template":"","meta":{"footnotes":""},"class_list":["post-4283","page","type-page","status-publish","hentry"],"_links":{"self":[{"href":"https:\/\/centrebadr.net\/ar\/wp-json\/wp\/v2\/pages\/4283","targetHints":{"allow":["GET"]}}],"collection":[{"href":"https:\/\/centrebadr.net\/ar\/wp-json\/wp\/v2\/pages"}],"about":[{"href":"https:\/\/centrebadr.net\/ar\/wp-json\/wp\/v2\/types\/page"}],"author":[{"embeddable":true,"href":"https:\/\/centrebadr.net\/ar\/wp-json\/wp\/v2\/users\/1"}],"replies":[{"embeddable":true,"href":"https:\/\/centrebadr.net\/ar\/wp-json\/wp\/v2\/comments?post=4283"}],"version-history":[{"count":5,"href":"https:\/\/centrebadr.net\/ar\/wp-json\/wp\/v2\/pages\/4283\/revisions"}],"predecessor-version":[{"id":4381,"href":"https:\/\/centrebadr.net\/ar\/wp-json\/wp\/v2\/pages\/4283\/revisions\/4381"}],"wp:attachment":[{"href":"https:\/\/centrebadr.net\/ar\/wp-json\/wp\/v2\/media?parent=4283"}],"curies":[{"name":"wp","href":"https:\/\/api.w.org\/{rel}","templated":true}]}}