{"id":4401,"date":"2025-06-11T23:19:03","date_gmt":"2025-06-12T03:19:03","guid":{"rendered":"http:\/\/centrebadr.net\/?page_id=4401"},"modified":"2025-06-11T23:19:03","modified_gmt":"2025-06-12T03:19:03","slug":"programmes-pour-enfants","status":"publish","type":"page","link":"https:\/\/centrebadr.net\/ar\/programmes-pour-enfants\/","title":{"rendered":"Programmes pour enfants"},"content":{"rendered":"<div class=\"wpb-content-wrapper\"><div class=\"vc_row wpb_row vc_row-fluid vc_custom_1507037128609\"><div class=\"wpb_column vc_column_container vc_col-sm-12 sc_layouts_column_icons_position_left\"><div class=\"vc_column-inner\"><div class=\"wpb_wrapper\"><div id=\"sc_icons_2136970834\" \n\tclass=\"sc_icons sc_icons_default sc_icons_size_small sc_align_left  vc_custom_1507305908266\"><div class=\"sc_icons_item\"><div id=\"sc_icons_2136970834_icon-icon-shaha-00\" class=\"sc_icons_icon sc_icon_type_ icon-icon-shaha-00\"\n\t\t\t\t\t\t\t\t\t\t\t\t><span class=\"sc_icon_type_ icon-icon-shaha-00\"><\/span><\/div><\/div><\/div><!-- \/.sc_icons --><div id=\"sc_services_371709884\" class=\"sc_services color_style_default sc_services_list sc_services_featured_top\"><div class=\"sc_services_columns_wrap sc_item_columns sc_item_columns_3 trx_addons_columns_wrap\"><div class=\"trx_addons_column-1_3\"><div class=\"sc_services_item without_content with_icon sc_services_item_featured_top\">\n\t<a href=\"https:\/\/centrebadr.net\/ar\/services\/mariage\/\"\n\t\t\t id=\"sc_services_371709884_icon-icon-shaha-05_1\"\n\t\t\t class=\"sc_services_item_icon icon-icon-shaha-05\"><\/a>\t\n\t<div class=\"sc_services_item_info\">\n\t\t<div class=\"sc_services_item_header\">\n\t\t\t<h6 class=\"sc_services_item_title\"><a href=\"https:\/\/centrebadr.net\/ar\/services\/mariage\/\">Mariage<\/a><\/h6>\n\t\t<\/div>\n\t\t\t\t\t<div class=\"sc_services_item_content\"><p>Le Centre Islamique Badr propose un service d\u2019\u00e9tablissement d\u2019actes de mariage islamique.<\/p>\n<p>Pour plus d\u2019informations, merci de nous contacter par t\u00e9l\u00e9phone ou de nous \u00e9crire par courriel.<\/p>\n<\/div>\n\t\t\t<\/div>\n<\/div>\n<\/div><div class=\"trx_addons_column-1_3\"><div class=\"sc_services_item without_content with_icon sc_services_item_featured_top\">\n\t\t\n\t<div class=\"sc_services_item_info\">\n\t\t<div class=\"sc_services_item_header\">\n\t\t\t<h6 class=\"sc_services_item_title\"><a href=\"https:\/\/centrebadr.net\/ar\/services\/programmes-pour-adultes\/\">Programmes Pour Adultes<\/a><\/h6>\n\t\t<\/div>\n\t\t\t\t\t<div class=\"sc_services_item_content\">Cours et Conf\u00e9rencesCours et Conf\u00e9rences Programme Le Centre Islamique Badr offre un large \u00e9ventail de conf\u00e9rences et de cours islamiques tout au long de l\u2019ann\u00e9e. Nos programmes visent \u00e0 renforcer la foi, approfondir les connaissances religieuses et r\u00e9pondre aux questions de la vie quotidienne dans une perspective islamique. Horaire et&hellip;<\/div>\n\t\t\t<\/div>\n<\/div>\n<\/div><div class=\"trx_addons_column-1_3\"><div class=\"sc_services_item without_content with_icon sc_services_item_featured_top\">\n\t\t\n\t<div class=\"sc_services_item_info\">\n\t\t<div class=\"sc_services_item_header\">\n\t\t\t<h6 class=\"sc_services_item_title\"><a href=\"https:\/\/centrebadr.net\/ar\/services\/programmes-pour-jeunes\/\">Programmes Pour Jeunes<\/a><\/h6>\n\t\t<\/div>\n\t\t\t\t\t<div class=\"sc_services_item_content\">\u00c9cole CoraniqueMes Premiers Pas Vers la FoiCours de Coran - Sheikh SoulimaneConnais ton Proph\u00e8te \ufdfa\u00c9cole Coranique Programme Fond\u00e9e il y a plus d&rsquo;une dizaine d&rsquo;ann\u00e9es, l&rsquo;\u00c9cole Coranique BADR est un lieu d&rsquo;apprentissage et de spiritualit\u00e9 d\u00e9di\u00e9 \u00e0 l&rsquo;\u00e9tude du Saint Coran et des valeurs de l&rsquo;islam. Chaque ann\u00e9e, nous accueillons&hellip;<\/div>\n\t\t\t<\/div>\n<\/div>\n<\/div><\/div><\/div><!-- \/.sc_services --><\/div><\/div><\/div><\/div><div data-vc-full-width=\"true\" data-vc-full-width-init=\"false\" class=\"vc_row wpb_row vc_row-fluid vc_custom_1730867724749 vc_row-has-fill\"><div class=\"wpb_column vc_column_container vc_col-sm-12 sc_layouts_column_icons_position_left\"><div class=\"vc_column-inner\"><div class=\"wpb_wrapper\"><div id=\"sc_icons_1735569656\" \n\tclass=\"sc_icons sc_icons_default sc_icons_size_small sc_align_center  vc_custom_1507305930548\"><div class=\"sc_icons_item\"><div id=\"sc_icons_1735569656_icon-icon-shaha-00\" class=\"sc_icons_icon sc_icon_type_ icon-icon-shaha-00\"\n\t\t\t\t\t\t\t\t\t\t\t\t><span class=\"sc_icon_type_ icon-icon-shaha-00\"><\/span><\/div><\/div><\/div><!-- \/.sc_icons --><div id=\"sc_title_1562933247\"\n\t\tclass=\"sc_title color_style_default scheme_dark sc_title_default\"><h3 class=\"sc_item_title sc_title_title sc_align_center sc_item_title_style_default\">Restez Connect\u00e9 avec Notre Mosqu\u00e9e<\/h3><\/div><!-- \/.sc_title --><div class=\"vc_row wpb_row vc_inner vc_row-fluid vc_custom_1508850516722\"><div class=\"wpb_column vc_column_container vc_col-sm-6 sc_layouts_column_icons_position_left\"><div class=\"vc_column-inner vc_custom_1508850527938\"><div class=\"wpb_wrapper\"><div id=\"sc_content_1345827905\"\n\t\tclass=\"sc_content color_style_default sc_content_default sc_float_center sc_align_center\"><div class=\"sc_content_container\"><div class=\"sc_item_button sc_button_wrap sc_align_right\"><a href=\"\/ar\/programs\/\" id=\"sc_button_920314728\" class=\"sc_button color_style_link2 sc_button_default sc_button_size_normal sc_button_icon_left\"><span class=\"sc_button_text\"><span class=\"sc_button_title\">Nos Programmes<\/span><\/span><!-- \/.sc_button_text --><\/a><!-- \/.sc_button --><\/div><!-- \/.sc_item_button --><\/div><\/div><!-- \/.sc_content --><\/div><\/div><\/div><div class=\"wpb_column vc_column_container vc_col-sm-6 sc_layouts_column_icons_position_left\"><div class=\"vc_column-inner vc_custom_1508850536422\"><div class=\"wpb_wrapper\"><div id=\"sc_content_1968858896\"\n\t\tclass=\"sc_content color_style_default sc_content_default sc_float_center sc_align_center\"><div class=\"sc_content_container\"><div class=\"sc_item_button sc_button_wrap sc_align_left\"><a href=\"https:\/\/www.moonode.tv\/5142556460\" id=\"sc_button_560554433\" class=\"sc_button color_style_default sc_button_default sc_button_size_normal sc_button_icon_left\"><span class=\"sc_button_text\"><span class=\"sc_button_title\">Horaire de pri\u00e8res<\/span><\/span><!-- \/.sc_button_text --><\/a><!-- \/.sc_button --><\/div><!-- \/.sc_item_button --><\/div><\/div><!-- \/.sc_content --><\/div><\/div><\/div><\/div><\/div><\/div><\/div><\/div><div class=\"vc_row-full-width vc_clearfix\"><\/div>\n<\/div>","protected":false},"excerpt":{"rendered":"\u00c9cole CoraniqueMes Premiers Pas Vers la FoiCours de Coran - Sheikh SoulimaneConnais ton Proph\u00e8te \ufdfa\u00c9cole Coranique Programme Fond\u00e9e il y a plus d&rsquo;une dizaine d&rsquo;ann\u00e9es, l&rsquo;\u00c9cole Coranique BADR est un lieu d&rsquo;apprentissage et de spiritualit\u00e9 d\u00e9di\u00e9 \u00e0 l&rsquo;\u00e9tude du Saint Coran et des valeurs de l&rsquo;islam. Chaque ann\u00e9e, nous accueillons&hellip;","protected":false},"author":1,"featured_media":0,"parent":0,"menu_order":0,"comment_status":"closed","ping_status":"closed","template":"","meta":{"footnotes":""},"class_list":["post-4401","page","type-page","status-publish","hentry"],"_links":{"self":[{"href":"https:\/\/centrebadr.net\/ar\/wp-json\/wp\/v2\/pages\/4401","targetHints":{"allow":["GET"]}}],"collection":[{"href":"https:\/\/centrebadr.net\/ar\/wp-json\/wp\/v2\/pages"}],"about":[{"href":"https:\/\/centrebadr.net\/ar\/wp-json\/wp\/v2\/types\/page"}],"author":[{"embeddable":true,"href":"https:\/\/centrebadr.net\/ar\/wp-json\/wp\/v2\/users\/1"}],"replies":[{"embeddable":true,"href":"https:\/\/centrebadr.net\/ar\/wp-json\/wp\/v2\/comments?post=4401"}],"version-history":[{"count":2,"href":"https:\/\/centrebadr.net\/ar\/wp-json\/wp\/v2\/pages\/4401\/revisions"}],"predecessor-version":[{"id":4617,"href":"https:\/\/centrebadr.net\/ar\/wp-json\/wp\/v2\/pages\/4401\/revisions\/4617"}],"wp:attachment":[{"href":"https:\/\/centrebadr.net\/ar\/wp-json\/wp\/v2\/media?parent=4401"}],"curies":[{"name":"wp","href":"https:\/\/api.w.org\/{rel}","templated":true}]}}